{"id":39,"date":"2025-10-31T21:53:39","date_gmt":"2025-10-31T21:53:39","guid":{"rendered":"https:\/\/and.org.do\/?page_id=39"},"modified":"2025-10-31T21:56:16","modified_gmt":"2025-10-31T21:56:16","slug":"solicitud-de-membresia","status":"publish","type":"page","link":"https:\/\/and.org.do\/?page_id=39","title":{"rendered":"Solicitud de Membres\u00eda"},"content":{"rendered":"<p>[et_pb_section fb_built=\"1&#8243; _builder_version=\"4.27.4&#8243; _module_preset=\"default\" global_colors_info=\"{}\"][et_pb_row column_structure=\"1_3,1_3,1_3&#8243; _builder_version=\"4.27.4&#8243; _module_preset=\"default\" global_colors_info=\"{}\"][et_pb_column type=\"1_3&#8243; _builder_version=\"4.27.4&#8243; _module_preset=\"default\" global_colors_info=\"{}\"][\/et_pb_column][et_pb_column type=\"1_3&#8243; _builder_version=\"4.27.4&#8243; _module_preset=\"default\" global_colors_info=\"{}\"][et_pb_image src=\"https:\/\/and.org.do\/wp-content\/uploads\/2025\/02\/cropped-ANDICON.png\" title_text=\"cropped-ANDICON.png\" _builder_version=\"4.27.4&#8243; _module_preset=\"default\" width=\"75%\" module_alignment=\"center\" global_colors_info=\"{}\"][\/et_pb_image][\/et_pb_column][et_pb_column type=\"1_3&#8243; _builder_version=\"4.27.4&#8243; _module_preset=\"default\" global_colors_info=\"{}\"][\/et_pb_column][\/et_pb_row][et_pb_row column_structure=\"1_5,3_5,1_5&#8243; _builder_version=\"4.27.4&#8243; _module_preset=\"default\" global_colors_info=\"{}\"][et_pb_column type=\"1_5&#8243; _builder_version=\"4.27.4&#8243; _module_preset=\"default\" global_colors_info=\"{}\"][\/et_pb_column][et_pb_column type=\"3_5&#8243; _builder_version=\"4.27.4&#8243; _module_preset=\"default\" global_colors_info=\"{}\"][et_pb_text _builder_version=\"4.27.4&#8243; _module_preset=\"default\" global_colors_info=\"{}\"]<\/p>\n<h3>Para completar su solicitud de ingreso a los Auxilares Navales Dominicano, deber\u00e1 de tener list en formato digital:<\/p>\n<\/h3>\n<p>&nbsp;<\/p>\n<ul>\n<li>\n<h4><strong>Copia de su c\u00e9dula de identidad al d\u00eda<\/strong><\/h4>\n<\/li>\n<li>\n<h4><strong>Foto 2&#215;2 de su persona<\/strong><\/h4>\n<\/li>\n<li>\n<h4><strong>Certificado de no antecedentes penales, emitido en un plazo menor a 30 dias de su fecha de solicitud<\/strong><\/h4>\n<\/li>\n<li>\n<h4><strong>Copia(s) de la(s) matricula(s) de las embarcaciones que va a registrar &#8211; OJO &#8211; deben estar a nombre suyo o de una empresa de cual usted puede demostrar ser socio principal.<\/strong><\/h4>\n<\/li>\n<\/ul>\n<p>[\/et_pb_text][\/et_pb_column][et_pb_column type=\"1_5&#8243; _builder_version=\"4.27.4&#8243; _module_preset=\"default\" global_colors_info=\"{}\"][\/et_pb_column][\/et_pb_row][et_pb_row column_structure=\"1_3,1_3,1_3&#8243; _builder_version=\"4.27.4&#8243; _module_preset=\"default\" global_colors_info=\"{}\"][et_pb_column type=\"1_3&#8243; _builder_version=\"4.27.4&#8243; _module_preset=\"default\" global_colors_info=\"{}\"][\/et_pb_column][et_pb_column type=\"1_3&#8243; _builder_version=\"4.27.4&#8243; _module_preset=\"default\" global_colors_info=\"{}\"][et_pb_text _builder_version=\"4.27.4&#8243; _module_preset=\"default\" text_font_size=\"21px\" text_orientation=\"center\" hover_enabled=\"0&#8243; global_colors_info=\"{}\" sticky_enabled=\"0&#8243;]<\/p>\n<p><span> Si ya tienes todo listo, <span style=\"color: #000080;\"><a href=\"https:\/\/intranet.and.org.do\/reclutamiento.php\" title=\"Completar Solicitud\" style=\"color: #000080;\">haz click aqu\u00ed para completar su solicitud!<\/a><\/span><\/span><\/p>\n<p>[\/et_pb_text][\/et_pb_column][et_pb_column type=\"1_3&#8243; _builder_version=\"4.27.4&#8243; _module_preset=\"default\" global_colors_info=\"{}\"][\/et_pb_column][\/et_pb_row][\/et_pb_section]<\/p>\n","protected":false},"excerpt":{"rendered":"<p>Para completar su solicitud de ingreso a los Auxilares Navales Dominicano, deber\u00e1 de tener list en formato digital: &nbsp; Copia de su c\u00e9dula de identidad al d\u00eda Foto 2&#215;2 de su persona Certificado de no antecedentes penales, emitido en un plazo menor a 30 dias de su fecha de solicitud Copia(s) de la(s) matricula(s) de [&hellip;]<\/p>\n","protected":false},"author":1,"featured_media":0,"parent":0,"menu_order":0,"comment_status":"closed","ping_status":"closed","template":"","meta":{"_et_pb_use_builder":"on","_et_pb_old_content":"","_et_gb_content_width":"","footnotes":""},"class_list":["post-39","page","type-page","status-publish","hentry"],"_links":{"self":[{"href":"https:\/\/and.org.do\/index.php?rest_route=\/wp\/v2\/pages\/39","targetHints":{"allow":["GET"]}}],"collection":[{"href":"https:\/\/and.org.do\/index.php?rest_route=\/wp\/v2\/pages"}],"about":[{"href":"https:\/\/and.org.do\/index.php?rest_route=\/wp\/v2\/types\/page"}],"author":[{"embeddable":true,"href":"https:\/\/and.org.do\/index.php?rest_route=\/wp\/v2\/users\/1"}],"replies":[{"embeddable":true,"href":"https:\/\/and.org.do\/index.php?rest_route=%2Fwp%2Fv2%2Fcomments&post=39"}],"version-history":[{"count":6,"href":"https:\/\/and.org.do\/index.php?rest_route=\/wp\/v2\/pages\/39\/revisions"}],"predecessor-version":[{"id":56,"href":"https:\/\/and.org.do\/index.php?rest_route=\/wp\/v2\/pages\/39\/revisions\/56"}],"wp:attachment":[{"href":"https:\/\/and.org.do\/index.php?rest_route=%2Fwp%2Fv2%2Fmedia&parent=39"}],"curies":[{"name":"wp","href":"https:\/\/api.w.org\/{rel}","templated":true}]}}